{"id":1895,"date":"2021-09-10T12:10:24","date_gmt":"2021-09-10T10:10:24","guid":{"rendered":"https:\/\/www.botswana-experience.com\/safaris\/lodge-copy-2\/"},"modified":"2025-08-04T15:47:45","modified_gmt":"2025-08-04T13:47:45","slug":"mobile","status":"publish","type":"page","link":"https:\/\/www.botswana-experience.com\/de\/safaris\/mobile-camping\/","title":{"rendered":"Komfort Zeltsafaris"},"content":{"rendered":"<p class=\"translation-block\">Erlebe ein luxuri\u00f6ses Campingabenteuer: Unsere <strong>Full-Service Mobile Safaris<\/strong> bieten dir den Komfort von echten Betten in <strong>begehbaren Zelten sowie ein privates Badezimmer im Busch<\/strong>.<\/p>\n\n\n\n<p class=\"translation-block\">Du \u00fcbernachtest auf <strong>exklusiven Campingpl\u00e4tzen<\/strong> und entdeckst tags\u00fcber <strong>die H\u00f6hepunkte Botswanas<\/strong> in einem offenen Safarifahrzeug, begleitet von deinem erfahrenen Guide.<\/p>","protected":false},"excerpt":{"rendered":"<p>Erlebe ein luxuri\u00f6ses Campingabenteuer: Unsere Full-Service Mobilen Safaris bieten dir den Komfort von echten Betten in begehbaren Zelten sowie ein privates Badezimmer im Busch. Du \u00fcbernachtest auf exklusiven Campingpl\u00e4tzen und entdeckst tags\u00fcber die H\u00f6hepunkte Botswanas in einem offenen Safarifahrzeug, begleitet von deinem erfahrenen Guide.<\/p>","protected":false},"author":5,"featured_media":2301,"parent":32,"menu_order":17,"comment_status":"closed","ping_status":"closed","template":"page-templates\/safari-single-page.php","meta":{"_acf_changed":false,"footnotes":""},"class_list":["post-1895","page","type-page","status-publish","has-post-thumbnail","hentry"],"acf":[],"_links":{"self":[{"href":"https:\/\/www.botswana-experience.com\/de\/wp-json\/wp\/v2\/pages\/1895","targetHints":{"allow":["GET"]}}],"collection":[{"href":"https:\/\/www.botswana-experience.com\/de\/wp-json\/wp\/v2\/pages"}],"about":[{"href":"https:\/\/www.botswana-experience.com\/de\/wp-json\/wp\/v2\/types\/page"}],"author":[{"embeddable":true,"href":"https:\/\/www.botswana-experience.com\/de\/wp-json\/wp\/v2\/users\/5"}],"replies":[{"embeddable":true,"href":"https:\/\/www.botswana-experience.com\/de\/wp-json\/wp\/v2\/comments?post=1895"}],"version-history":[{"count":43,"href":"https:\/\/www.botswana-experience.com\/de\/wp-json\/wp\/v2\/pages\/1895\/revisions"}],"predecessor-version":[{"id":10918,"href":"https:\/\/www.botswana-experience.com\/de\/wp-json\/wp\/v2\/pages\/1895\/revisions\/10918"}],"up":[{"embeddable":true,"href":"https:\/\/www.botswana-experience.com\/de\/wp-json\/wp\/v2\/pages\/32"}],"wp:featuredmedia":[{"embeddable":true,"href":"https:\/\/www.botswana-experience.com\/de\/wp-json\/wp\/v2\/media\/2301"}],"wp:attachment":[{"href":"https:\/\/www.botswana-experience.com\/de\/wp-json\/wp\/v2\/media?parent=1895"}],"curies":[{"name":"wp","href":"https:\/\/api.w.org\/{rel}","templated":true}]}}