{"id":2311,"date":"2021-09-14T09:12:02","date_gmt":"2021-09-14T07:12:02","guid":{"rendered":"https:\/\/www.botswana-experience.com\/safaris\/luxury-copy\/"},"modified":"2025-08-04T15:50:02","modified_gmt":"2025-08-04T13:50:02","slug":"individuell","status":"publish","type":"page","link":"https:\/\/www.botswana-experience.com\/de\/safaris\/tailor-made\/","title":{"rendered":"Individuelle Safaris in Botswana"},"content":{"rendered":"<p class=\"translation-block\">Gern passen wir <strong>dein einzigartiges Safari Erlebnis<\/strong> ganz nach deinen W\u00fcnschen an. Die Route, Aktivit\u00e4ten, Dauer oder Unterk\u00fcnfte \u2013 erz\u00e4hle uns von deinen W\u00fcnschen f\u00fcr <strong>deine Traum-Safari<\/strong>. Unsere erfahrenen Reiseexperten werden sie f\u00fcr dich verwirklichen.<\/p>\n\n\n\n<p class=\"translation-block\">Egal ob <strong>du mit der ganzen Familie oder mit deiner besonderen Person<\/strong> reist, du wirst eine unvergessliche Reise erleben.<\/p>","protected":false},"excerpt":{"rendered":"<p>Gern passen wir dein einzigartiges Safari Erlebnis ganz nach deinen W\u00fcnschen an. Die Route, Aktivit\u00e4ten, Dauer oder Unterk\u00fcnfte - teile uns deinen Traum-Safari mit und unsere erfahrenen Reiseexperten werden sie f\u00fcr dich verwirklichen. Egal ob du mit der ganzen Familie oder mit deiner besonderen Person reist, du wirst eine unvergessliche Reise erleben.<\/p>","protected":false},"author":5,"featured_media":2325,"parent":32,"menu_order":14,"comment_status":"closed","ping_status":"closed","template":"page-templates\/safari-single-page.php","meta":{"_acf_changed":false,"footnotes":""},"class_list":["post-2311","page","type-page","status-publish","has-post-thumbnail","hentry"],"acf":[],"_links":{"self":[{"href":"https:\/\/www.botswana-experience.com\/de\/wp-json\/wp\/v2\/pages\/2311","targetHints":{"allow":["GET"]}}],"collection":[{"href":"https:\/\/www.botswana-experience.com\/de\/wp-json\/wp\/v2\/pages"}],"about":[{"href":"https:\/\/www.botswana-experience.com\/de\/wp-json\/wp\/v2\/types\/page"}],"author":[{"embeddable":true,"href":"https:\/\/www.botswana-experience.com\/de\/wp-json\/wp\/v2\/users\/5"}],"replies":[{"embeddable":true,"href":"https:\/\/www.botswana-experience.com\/de\/wp-json\/wp\/v2\/comments?post=2311"}],"version-history":[{"count":43,"href":"https:\/\/www.botswana-experience.com\/de\/wp-json\/wp\/v2\/pages\/2311\/revisions"}],"predecessor-version":[{"id":10920,"href":"https:\/\/www.botswana-experience.com\/de\/wp-json\/wp\/v2\/pages\/2311\/revisions\/10920"}],"up":[{"embeddable":true,"href":"https:\/\/www.botswana-experience.com\/de\/wp-json\/wp\/v2\/pages\/32"}],"wp:featuredmedia":[{"embeddable":true,"href":"https:\/\/www.botswana-experience.com\/de\/wp-json\/wp\/v2\/media\/2325"}],"wp:attachment":[{"href":"https:\/\/www.botswana-experience.com\/de\/wp-json\/wp\/v2\/media?parent=2311"}],"curies":[{"name":"wp","href":"https:\/\/api.w.org\/{rel}","templated":true}]}}