{"id":2549,"date":"2021-09-17T08:24:52","date_gmt":"2021-09-17T06:24:52","guid":{"rendered":"https:\/\/www.botswana-experience.com\/places-to-visit\/chobe-national-park-copy\/"},"modified":"2026-04-08T09:32:12","modified_gmt":"2026-04-08T07:32:12","slug":"central-kalahari-game-reserve","status":"publish","type":"page","link":"https:\/\/www.botswana-experience.com\/de\/places-to-visit\/central-kalahari-game-reserve\/","title":{"rendered":"Central Kalahari Game Reserve"},"content":{"rendered":"<p class=\"translation-block\">Die schroffe Weite des Central Kalahari Game Reserve (CKGR) macht es einzigartig und zieht abenteuerlustige Reisende an, die ein Erlebnis <strong>abseits der ausgetretenen Pfade<\/strong> suchen. <br><br>Das CKGR bedeckt <strong>fast 10 Prozent der gesamten Landfl\u00e4che Botswanas<\/strong> \u2013 und wird sich zu keiner Zeit voll anf\u00fchlen.<\/p>\n\n\n\n<p class=\"translation-block\"><strong>Tierbeobachtungen sind am besten in den gr\u00fcnen Sommermonaten<\/strong>, wenn gro\u00dfe Antilopenherden durch die Kalahari ziehen, dicht gefolgt von Raubtieren. <br><br>Mit etwas Gl\u00fcck kannst du sogar die ber\u00fchmten, aber seltenen <strong>Schwarzm\u00e4hnen Kalahari L\u00f6wen<\/strong> sowie <strong>Geparden bei der Jagd<\/strong> durch die endlosen Weiten beobachten.<\/p>\n\n\n\n<p class=\"translation-block\">Die Trockenzeit bringt <strong>den harten Charakter und die ungez\u00e4hmte Wildnis<\/strong> dieses wundersch\u00f6nen Gebiets ans Licht. <br><br>Beobachte <strong>den sternenklaren Nachthimmel<\/strong>, w\u00e4hrend du in deinem abgelegenen Mobilen Camp am Lagerfeuer sitzt, und f\u00fchle dich ganz klein im riesengro\u00dfen Kalahari Game Reserve.<\/p>","protected":false},"excerpt":{"rendered":"<p>The rugged vastness of the Central Kalahari Game Reserve (CKGR) makes it one of a kind and attracts adventurous travellers looking for an experience off the beaten track. The CKGR covers almost 10 percent of Botswana\u2019s total land area \u2013 at no time will it feel crowded. Wildlife sightings are best during the green summer [&hellip;]<\/p>\n","protected":false},"author":5,"featured_media":2569,"parent":35,"menu_order":50,"comment_status":"closed","ping_status":"closed","template":"page-templates\/where-to-go-single-page.php","meta":{"_acf_changed":false,"footnotes":""},"class_list":["post-2549","page","type-page","status-publish","has-post-thumbnail","hentry"],"acf":[],"_links":{"self":[{"href":"https:\/\/www.botswana-experience.com\/de\/wp-json\/wp\/v2\/pages\/2549","targetHints":{"allow":["GET"]}}],"collection":[{"href":"https:\/\/www.botswana-experience.com\/de\/wp-json\/wp\/v2\/pages"}],"about":[{"href":"https:\/\/www.botswana-experience.com\/de\/wp-json\/wp\/v2\/types\/page"}],"author":[{"embeddable":true,"href":"https:\/\/www.botswana-experience.com\/de\/wp-json\/wp\/v2\/users\/5"}],"replies":[{"embeddable":true,"href":"https:\/\/www.botswana-experience.com\/de\/wp-json\/wp\/v2\/comments?post=2549"}],"version-history":[{"count":61,"href":"https:\/\/www.botswana-experience.com\/de\/wp-json\/wp\/v2\/pages\/2549\/revisions"}],"predecessor-version":[{"id":11460,"href":"https:\/\/www.botswana-experience.com\/de\/wp-json\/wp\/v2\/pages\/2549\/revisions\/11460"}],"up":[{"embeddable":true,"href":"https:\/\/www.botswana-experience.com\/de\/wp-json\/wp\/v2\/pages\/35"}],"wp:featuredmedia":[{"embeddable":true,"href":"https:\/\/www.botswana-experience.com\/de\/wp-json\/wp\/v2\/media\/2569"}],"wp:attachment":[{"href":"https:\/\/www.botswana-experience.com\/de\/wp-json\/wp\/v2\/media?parent=2549"}],"curies":[{"name":"wp","href":"https:\/\/api.w.org\/{rel}","templated":true}]}}