{"id":2683,"date":"2021-09-20T16:00:30","date_gmt":"2021-09-20T14:00:30","guid":{"rendered":"https:\/\/www.botswana-experience.com\/places-to-visit\/kgalagadi-transfrontier-park-copy\/"},"modified":"2026-02-16T09:19:15","modified_gmt":"2026-02-16T07:19:15","slug":"makgadikgadi-pans","status":"publish","type":"page","link":"https:\/\/www.botswana-experience.com\/de\/places-to-visit\/makgadikgadi-pans\/","title":{"rendered":"Makgadikgadi Pans Nationalpark"},"content":{"rendered":"<p class=\"translation-block\">Die Makgadikgadi Salzpfanne ist einer der Orte in Botswana, der einen erneuten Besuch rechtfertigt: Wenn die Jahreszeit von Trocken in Gr\u00fcn \u00fcbergeht, erlebt die Landschaft hier <strong>eine atemberaubende Verwandlung<\/strong>.<\/p>\n\n\n\n<p class=\"translation-block\">Die sonst trockenen Salzpfannen f\u00fcllen sich mit Wasser und <strong>locken eine gro\u00dfe Anzahl von V\u00f6geln, Antilopen, Hy\u00e4nen und anderen Wildtieren auf der Suche nach gr\u00fcnen Weiden an<\/strong>. <br><br>Die Gegend ist <strong>ber\u00fchmt f\u00fcr die j\u00e4hrliche Wanderung von Zebras und Gnus<\/strong>.<\/p>\n\n\n\n<p class=\"translation-block\">In der Trockenzeit kannst du auf den Pfannen \u00fcbernachten, mitten im Nirgendwo, zugedeckt von der Sternendecke.<br><br>Die Makgadikgadi Pans umfassen die Pfannen Nxai, Nwetwe und Sua. Hier findest du <strong>die ber\u00fchmten Baine-Baobabs sowie Kubu Island<\/strong>.<\/p>\n\n\n\n<p class=\"translation-block\">Wenn du ein begeisterter Fotograf bist, solltest du deine Batterien aufladen: Makgadikgadi <strong>Sonnenunterg\u00e4nge sind vielleicht die sch\u00f6nsten, die du je erlebt hast<\/strong>.<\/p>","protected":false},"excerpt":{"rendered":"<p>The Makgadikgadi Salt Pans is one of the places in Botswana that will warrant a return visit: As the season changes from dry to green, it undergoes an astonishing transformation. The dry and barren salt pans fill with water, attracting large numbers of birds, antelopes, hyenas and other wildlife in search of green pastures. The [&hellip;]<\/p>\n","protected":false},"author":5,"featured_media":2726,"parent":35,"menu_order":48,"comment_status":"closed","ping_status":"closed","template":"page-templates\/where-to-go-single-page.php","meta":{"_acf_changed":false,"footnotes":""},"class_list":["post-2683","page","type-page","status-publish","has-post-thumbnail","hentry"],"acf":[],"_links":{"self":[{"href":"https:\/\/www.botswana-experience.com\/de\/wp-json\/wp\/v2\/pages\/2683","targetHints":{"allow":["GET"]}}],"collection":[{"href":"https:\/\/www.botswana-experience.com\/de\/wp-json\/wp\/v2\/pages"}],"about":[{"href":"https:\/\/www.botswana-experience.com\/de\/wp-json\/wp\/v2\/types\/page"}],"author":[{"embeddable":true,"href":"https:\/\/www.botswana-experience.com\/de\/wp-json\/wp\/v2\/users\/5"}],"replies":[{"embeddable":true,"href":"https:\/\/www.botswana-experience.com\/de\/wp-json\/wp\/v2\/comments?post=2683"}],"version-history":[{"count":55,"href":"https:\/\/www.botswana-experience.com\/de\/wp-json\/wp\/v2\/pages\/2683\/revisions"}],"predecessor-version":[{"id":11404,"href":"https:\/\/www.botswana-experience.com\/de\/wp-json\/wp\/v2\/pages\/2683\/revisions\/11404"}],"up":[{"embeddable":true,"href":"https:\/\/www.botswana-experience.com\/de\/wp-json\/wp\/v2\/pages\/35"}],"wp:featuredmedia":[{"embeddable":true,"href":"https:\/\/www.botswana-experience.com\/de\/wp-json\/wp\/v2\/media\/2726"}],"wp:attachment":[{"href":"https:\/\/www.botswana-experience.com\/de\/wp-json\/wp\/v2\/media?parent=2683"}],"curies":[{"name":"wp","href":"https:\/\/api.w.org\/{rel}","templated":true}]}}