{"id":2760,"date":"2021-09-21T10:31:13","date_gmt":"2021-09-21T08:31:13","guid":{"rendered":"https:\/\/www.botswana-experience.com\/places-to-visit\/chobe-national-park-copy\/"},"modified":"2026-02-16T09:18:42","modified_gmt":"2026-02-16T07:18:42","slug":"moremi-game-reserve","status":"publish","type":"page","link":"https:\/\/www.botswana-experience.com\/de\/places-to-visit\/moremi-game-reserve\/","title":{"rendered":"Moremi Wildreservat"},"content":{"rendered":"<p>Auf der \u00f6stlichen Seite des Okavango Deltas liegt das Moremi Game Reserve, das Safariziel Botswanas.<\/p>\n\n\n\n<p class=\"translation-block\">Es gibt nur wenige Orte, an denen du eine so <strong>gro\u00dfe Vielfalt an Tieren<\/strong> sehen wirst, von den <strong>Big Five<\/strong> (L\u00f6we, Leopard, Elefant, B\u00fcffel und Nashorn) bis hin zu verschiedenen <strong>Antilopenarten, Flusspferden, Krokodilen, Giraffen und Hy\u00e4nen<\/strong>. Dar\u00fcber hinaus gibt es hier <strong>viele Vogelarten und sogar den seltenen Afrikanischen Wildhund<\/strong>.<\/p>\n\n\n\n<p class=\"translation-block\">Die Landschaften reichen von <strong>offenen Weiten bis hin zu W\u00e4ldern und sich windenden Wasserstra\u00dfen in den Lagunen und S\u00fcmpfen<\/strong>. Safari Aktivit\u00e4ten, die du in Moremi erleben kannst, sind ebenso vielf\u00e4ltig: <strong>klassische Pirschfahrten, Mokoro Ausfl\u00fcge<\/strong> in traditionellen Einbaumkanus sowie <strong>n\u00e4chtliche Pirschfahrten und Buschwanderungen<\/strong> in der Khwai Community Area direkt au\u00dferhalb des Reservats.<\/p>\n\n\n\n<p class=\"translation-block\">Moremi ist <strong>einer der besten Orte in Botswana<\/strong> f\u00fcr jeden Naturliebhaber.<\/p>","protected":false},"excerpt":{"rendered":"<p>On the eastern side of the Okavango Delta, you find the Moremi Game Reserve, the safari destination of Botswana. There are few places where you will see such a diverse range of animals from the Big Five lion, leopard, elephant, buffalo and rhino to various antelope species, hippos, crocodiles, giraffes, hyenas as well as many [&hellip;]<\/p>\n","protected":false},"author":5,"featured_media":2773,"parent":35,"menu_order":47,"comment_status":"closed","ping_status":"closed","template":"page-templates\/where-to-go-single-page.php","meta":{"_acf_changed":false,"footnotes":""},"class_list":["post-2760","page","type-page","status-publish","has-post-thumbnail","hentry"],"acf":[],"_links":{"self":[{"href":"https:\/\/www.botswana-experience.com\/de\/wp-json\/wp\/v2\/pages\/2760","targetHints":{"allow":["GET"]}}],"collection":[{"href":"https:\/\/www.botswana-experience.com\/de\/wp-json\/wp\/v2\/pages"}],"about":[{"href":"https:\/\/www.botswana-experience.com\/de\/wp-json\/wp\/v2\/types\/page"}],"author":[{"embeddable":true,"href":"https:\/\/www.botswana-experience.com\/de\/wp-json\/wp\/v2\/users\/5"}],"replies":[{"embeddable":true,"href":"https:\/\/www.botswana-experience.com\/de\/wp-json\/wp\/v2\/comments?post=2760"}],"version-history":[{"count":53,"href":"https:\/\/www.botswana-experience.com\/de\/wp-json\/wp\/v2\/pages\/2760\/revisions"}],"predecessor-version":[{"id":11403,"href":"https:\/\/www.botswana-experience.com\/de\/wp-json\/wp\/v2\/pages\/2760\/revisions\/11403"}],"up":[{"embeddable":true,"href":"https:\/\/www.botswana-experience.com\/de\/wp-json\/wp\/v2\/pages\/35"}],"wp:featuredmedia":[{"embeddable":true,"href":"https:\/\/www.botswana-experience.com\/de\/wp-json\/wp\/v2\/media\/2773"}],"wp:attachment":[{"href":"https:\/\/www.botswana-experience.com\/de\/wp-json\/wp\/v2\/media?parent=2760"}],"curies":[{"name":"wp","href":"https:\/\/api.w.org\/{rel}","templated":true}]}}