{"id":3570,"date":"2021-10-07T14:56:31","date_gmt":"2021-10-07T12:56:31","guid":{"rendered":"https:\/\/www.botswana-experience.com\/what-to-do-in-botswana\/honeymoon-safari-copy\/"},"modified":"2025-09-09T13:33:12","modified_gmt":"2025-09-09T11:33:12","slug":"mokoro-safari","status":"publish","type":"page","link":"https:\/\/www.botswana-experience.com\/de\/what-to-do-in-botswana\/mokoro-canoe-safari\/","title":{"rendered":"Mokoro Safaris"},"content":{"rendered":"<p class=\"translation-block\"><strong>Eines der bekanntesten Bilder<\/strong>, das dir vielleicht in den Sinn kommt, wenn du an Aktivit\u00e4ten in Botswana denkst - und das zu Recht - ist eine Mokoro-Safari.<\/p>\n\n\n\n<p class=\"translation-block\">Ein Profi aus der Region lenkt eines der traditionellen ausgeh\u00f6hlten Kanus <strong>durch das Labyrinth der Wasserwege im ber\u00fchmten Okavango Delta<\/strong>. Du f\u00e4hrst durch von Seerosen ges\u00e4umte und von hohen Schilfgr\u00e4sern eingerahmte Gew\u00e4sser, w\u00e4hrend bunte V\u00f6gel \u00fcber die Wasseroberfl\u00e4che fliegen.<\/p>\n\n\n\n<p class=\"translation-block\">In einigen wasserbasierten Camps im Delta kannst du das ganze Jahr \u00fcber eine Mokoro-Safari unternehmen. Generell werden Mokoro-Safaris jedoch <strong>am h\u00e4ufigsten w\u00e4hrend der Trockenzeit von Mai bis Oktober angeboten<\/strong>, wenn der Wasserstand hoch ist.<\/p>\n\n\n\n<p class=\"translation-block\">Genie\u00dfe dieses einzigartige Erlebnis, das <strong>deine Perspektive auf die Welt um dich herum ver\u00e4ndern wird<\/strong>.<\/p>","protected":false},"excerpt":{"rendered":"<p>A mokoro safari is one of the most iconic images that will come to mind when thinking about what to do in Botswana. A poler will navigate a mokoro, a traditional dug-out canoe, through the labyrinth of waterways in the famous Okavango Delta, dotted with water-lilies and framed by tall reed grass, colourful birds flying [&hellip;]<\/p>\n","protected":false},"author":5,"featured_media":3574,"parent":36,"menu_order":4,"comment_status":"closed","ping_status":"closed","template":"page-templates\/what-to-do-single-page.php","meta":{"_acf_changed":false,"footnotes":""},"class_list":["post-3570","page","type-page","status-publish","has-post-thumbnail","hentry"],"acf":[],"_links":{"self":[{"href":"https:\/\/www.botswana-experience.com\/de\/wp-json\/wp\/v2\/pages\/3570","targetHints":{"allow":["GET"]}}],"collection":[{"href":"https:\/\/www.botswana-experience.com\/de\/wp-json\/wp\/v2\/pages"}],"about":[{"href":"https:\/\/www.botswana-experience.com\/de\/wp-json\/wp\/v2\/types\/page"}],"author":[{"embeddable":true,"href":"https:\/\/www.botswana-experience.com\/de\/wp-json\/wp\/v2\/users\/5"}],"replies":[{"embeddable":true,"href":"https:\/\/www.botswana-experience.com\/de\/wp-json\/wp\/v2\/comments?post=3570"}],"version-history":[{"count":46,"href":"https:\/\/www.botswana-experience.com\/de\/wp-json\/wp\/v2\/pages\/3570\/revisions"}],"predecessor-version":[{"id":10722,"href":"https:\/\/www.botswana-experience.com\/de\/wp-json\/wp\/v2\/pages\/3570\/revisions\/10722"}],"up":[{"embeddable":true,"href":"https:\/\/www.botswana-experience.com\/de\/wp-json\/wp\/v2\/pages\/36"}],"wp:featuredmedia":[{"embeddable":true,"href":"https:\/\/www.botswana-experience.com\/de\/wp-json\/wp\/v2\/media\/3574"}],"wp:attachment":[{"href":"https:\/\/www.botswana-experience.com\/de\/wp-json\/wp\/v2\/media?parent=3570"}],"curies":[{"name":"wp","href":"https:\/\/api.w.org\/{rel}","templated":true}]}}