{"id":3694,"date":"2021-10-08T14:34:25","date_gmt":"2021-10-08T12:34:25","guid":{"rendered":"https:\/\/www.botswana-experience.com\/what-to-do-in-botswana\/small-group-safaris-copy\/"},"modified":"2025-07-30T15:15:28","modified_gmt":"2025-07-30T13:15:28","slug":"walking-safari","status":"publish","type":"page","link":"https:\/\/www.botswana-experience.com\/de\/what-to-do-in-botswana\/walking-safaris\/","title":{"rendered":"Safaris zu Fu\u00df"},"content":{"rendered":"<p class=\"translation-block\">Kaum etwas ist ehrfurchtgebietender, als das Safari-Fahrzeug zu verlassen und  <strong>sich zu Fu\u00df in die atemberaubende Wildnis Botswanas zu wagen<\/strong>.<\/p>\n\n\n\n<p class=\"translation-block\">Dein Herz wird garantiert einen Schlag aussetzen, wenn dir bewusst wird, dass du nun das <strong>Jagdgebiet der L\u00f6wen und den Lebensraum der Elefanten<\/strong> durchquerst. Allerdings sind die meisten Walking Safaris und Buschwanderungen nicht allzu abenteuerlich - und das ist auch gut so.<\/p>\n\n\n\n<p class=\"translation-block\">Mit etwas Gl\u00fcck wirst du <strong>Zebras und Giraffen begegnen, Gnus sehen und sogar Elefanten beobachten<\/strong> k\u00f6nnen, w\u00e4hrend du unter der F\u00fchrung deines Rangers wanderst.<\/p>\n\n\n\n<p class=\"translation-block\">Du wirst viel \u00fcber die <strong>hiesigen \u00d6kosysteme<\/strong> erfahren, Bl\u00e4tter und Blumen riechen, Spuren und Kot inspizieren, Vogelrufen lauschen, die Sonne auf deinem Gesicht und den Wind in deinen Haaren sp\u00fcren.<\/p>\n\n\n\n<p class=\"translation-block\">Eine Walking Safari ist <strong>eine der aufregendsten Aktivit\u00e4ten in Botswana<\/strong>, die du in den privaten Schutzgebieten au\u00dferhalb der staatlichen Nationalparks erleben kannst.<\/p>","protected":false},"excerpt":{"rendered":"<p>There is nothing quite as humbling as stepping out of the safari vehicle and entering the world of Botswana\u2019s wildlife on foot. Your heart is sure to skip a beat when you realise that you have now crossed into the hunting grounds of lions and habitats of elephants. From our experience, most walking safaris and [&hellip;]<\/p>\n","protected":false},"author":5,"featured_media":3699,"parent":36,"menu_order":1,"comment_status":"closed","ping_status":"closed","template":"page-templates\/what-to-do-single-page.php","meta":{"_acf_changed":false,"footnotes":""},"class_list":["post-3694","page","type-page","status-publish","has-post-thumbnail","hentry"],"acf":[],"_links":{"self":[{"href":"https:\/\/www.botswana-experience.com\/de\/wp-json\/wp\/v2\/pages\/3694","targetHints":{"allow":["GET"]}}],"collection":[{"href":"https:\/\/www.botswana-experience.com\/de\/wp-json\/wp\/v2\/pages"}],"about":[{"href":"https:\/\/www.botswana-experience.com\/de\/wp-json\/wp\/v2\/types\/page"}],"author":[{"embeddable":true,"href":"https:\/\/www.botswana-experience.com\/de\/wp-json\/wp\/v2\/users\/5"}],"replies":[{"embeddable":true,"href":"https:\/\/www.botswana-experience.com\/de\/wp-json\/wp\/v2\/comments?post=3694"}],"version-history":[{"count":41,"href":"https:\/\/www.botswana-experience.com\/de\/wp-json\/wp\/v2\/pages\/3694\/revisions"}],"predecessor-version":[{"id":10773,"href":"https:\/\/www.botswana-experience.com\/de\/wp-json\/wp\/v2\/pages\/3694\/revisions\/10773"}],"up":[{"embeddable":true,"href":"https:\/\/www.botswana-experience.com\/de\/wp-json\/wp\/v2\/pages\/36"}],"wp:featuredmedia":[{"embeddable":true,"href":"https:\/\/www.botswana-experience.com\/de\/wp-json\/wp\/v2\/media\/3699"}],"wp:attachment":[{"href":"https:\/\/www.botswana-experience.com\/de\/wp-json\/wp\/v2\/media?parent=3694"}],"curies":[{"name":"wp","href":"https:\/\/api.w.org\/{rel}","templated":true}]}}